{"id":771,"date":"2019-07-09T12:57:32","date_gmt":"2019-07-09T10:57:32","guid":{"rendered":"https:\/\/tmamaritima.es\/aviso-legal\/"},"modified":"2025-07-03T14:17:03","modified_gmt":"2025-07-03T12:17:03","slug":"aviso-legal","status":"publish","type":"page","link":"https:\/\/tmamaritima.es\/en\/aviso-legal\/","title":{"rendered":"Legal Advisory"},"content":{"rendered":"<div class=\"wpb-content-wrapper\"><p>[vc_row row_type=&#8221;row&#8221; use_row_as_full_screen_section=&#8221;no&#8221; type=&#8221;full_width&#8221; text_align=&#8221;left&#8221; background_animation=&#8221;none&#8221; css_animation=&#8221;&#8221;][vc_column][vc_empty_space][vc_column_text css=&#8221;&#8221;]AVISO LEGAL<br \/>\nLa titularidad de este sitio web, , (en adelante Sitio Web) la ostenta: TRANSPORTES MARITIMOS ALCUDIA S.A., provista de NIF: A07052244 domiciliada en: TEODORO CANET N\u00ba 26 &#8211; (ALCUDIA) &#8211; [BALEARES], no puede asumir ninguna responsabilidad derivada del uso incorrecto, inapropiado o il\u00edcito de la informaci\u00f3n aparecida en la p\u00e1gina.<br \/>\nCon los l\u00edmites establecidos en la ley, TRANSPORTES MARITIMOS ALCUDIA S.A. no asume ninguna responsabilidad derivada de la falta de veracidad, integridad, actualizaci\u00f3n y precisi\u00f3n de los datos o informaciones que se contienen en sus p\u00e1ginas de Internet.<br \/>\nLos contenidos e informaci\u00f3n no vinculan a TRANSPORTES MARITIMOS ALCUDIA S.A. ni\u00a0constituyen opiniones, consejos o asesoramiento legal de ning\u00fan tipo pues se trata meramente\u00a0de un servicio ofrecido con car\u00e1cter informativo y divulgativo. La p\u00e1gina de Internet puede<br \/>\ncontener enlaces (links) a otras p\u00e1ginas de terceras partes que no podemos controlar. Por lo tanto, TRANSPORTES MARITIMOS ALCUDIA S.A. no puede asumir responsabilidades por el\u00a0contenido que pueda aparecer en p\u00e1ginas de terceros. Los textos, im\u00e1genes, sonidos,<br \/>\nanimaciones, software y el resto de contenidos incluidos en este website son propiedad\u00a0exclusiva de TRANSPORTES MARITIMOS ALCUDIA S.A.o sus licenciantes. Cualquier acto\u00a0de transmisi\u00f3n, distribuci\u00f3n, cesi\u00f3n, reproducci\u00f3n, almacenamiento o comunicaci\u00f3n p\u00fablica<br \/>\ntotal o parcial, debe contar con el consentimiento expreso de TRANSPORTES MARITIMOS\u00a0ALCUDIA S.A. Asimismo, para acceder a algunos de los servicios que TRANSPORTES\u00a0MARITIMOS ALCUDIA S.A. ofrece a trav\u00e9s del website deber\u00e1 proporcionar algunos datos<br \/>\nde car\u00e1cter personal. En cumplimiento de lo establecido en el Reglamento (UE) 2016\/679 del\u00a0Parlamento Europeo y del Consejo, de 27 de abril de 2016, relativo a la protecci\u00f3n de las\u00a0personas f\u00edsicas en lo que respecta al tratamiento de datos personales y a la libre circulaci\u00f3n<br \/>\nde estos datos le informamos que, mediante la cumplimentaci\u00f3n de los presentes formularios, sus datos personales quedar\u00e1n incorporados y ser\u00e1n tratados en los ficheros de TRANSPORTES MARITIMOS ALCUDIA S.A.con el fin de poderle prestar y ofrecer nuestros servicios as\u00ed como para informarle de las mejoras del sitio Web. Asimismo, le informamos de la posibilidad de que ejerza los derechos de acceso, rectificaci\u00f3n, limitaci\u00f3n, portabilidad, oposici\u00f3n y supresi\u00f3n de sus datos de car\u00e1cter personal, manera gratuita mediante email a informatica@tmalcudia.com o en la direccio?n TEODORO CANET N\u00ba 26 &#8211; (ALCUDIA) &#8211; [BALEARES] .[\/vc_column_text][vc_empty_space][\/vc_column][\/vc_row]<\/p>\n<\/div>","protected":false},"excerpt":{"rendered":"<p>[vc_row row_type=&#8221;row&#8221; use_row_as_full_screen_section=&#8221;no&#8221; type=&#8221;full_width&#8221; text_align=&#8221;left&#8221; background_animation=&#8221;none&#8221; css_animation=&#8221;&#8221;][vc_column][vc_empty_space][vc_column_text css=&#8221;&#8221;]AVISO LEGAL La titularidad de este sitio web, , (en adelante Sitio Web) la ostenta: TRANSPORTES MARITIMOS ALCUDIA S.A., provista de NIF: A07052244 domiciliada en: TEODORO CANET N\u00ba 26 &#8211; (ALCUDIA) &#8211; [BALEARES], no puede asumir ninguna responsabilidad&#8230;<\/p>\n","protected":false},"author":1,"featured_media":0,"parent":0,"menu_order":0,"comment_status":"closed","ping_status":"closed","template":"","meta":{"footnotes":""},"class_list":["post-771","page","type-page","status-publish","hentry"],"_links":{"self":[{"href":"https:\/\/tmamaritima.es\/en\/wp-json\/wp\/v2\/pages\/771","targetHints":{"allow":["GET"]}}],"collection":[{"href":"https:\/\/tmamaritima.es\/en\/wp-json\/wp\/v2\/pages"}],"about":[{"href":"https:\/\/tmamaritima.es\/en\/wp-json\/wp\/v2\/types\/page"}],"author":[{"embeddable":true,"href":"https:\/\/tmamaritima.es\/en\/wp-json\/wp\/v2\/users\/1"}],"replies":[{"embeddable":true,"href":"https:\/\/tmamaritima.es\/en\/wp-json\/wp\/v2\/comments?post=771"}],"version-history":[{"count":2,"href":"https:\/\/tmamaritima.es\/en\/wp-json\/wp\/v2\/pages\/771\/revisions"}],"predecessor-version":[{"id":776,"href":"https:\/\/tmamaritima.es\/en\/wp-json\/wp\/v2\/pages\/771\/revisions\/776"}],"wp:attachment":[{"href":"https:\/\/tmamaritima.es\/en\/wp-json\/wp\/v2\/media?parent=771"}],"curies":[{"name":"wp","href":"https:\/\/api.w.org\/{rel}","templated":true}]}}